{"id":4333,"date":"2020-02-04T13:45:00","date_gmt":"2020-02-04T12:45:00","guid":{"rendered":"http:\/\/thetravellers.world\/?page_id=4333"},"modified":"2020-03-17T17:10:43","modified_gmt":"2020-03-17T16:10:43","slug":"datenschutz","status":"publish","type":"page","link":"https:\/\/thetravellers.world\/en\/datenschutz\/","title":{"rendered":"Privacy policy"},"content":{"rendered":"\n<p><strong>Datenschutzerkl\u00e4rung<\/strong><\/p>\n\n\n\n<p>Die nachfolgenden Hinweise geben Ihnen eine \u00dcbersicht dar\u00fcber, was mit\nIhren personenbezogenen Daten geschieht, wenn Sie unsere Website besuchen.\nPersonenbezogene Daten sind alle Daten, mit denen Sie pers\u00f6nlich identifiziert\nwerden k\u00f6nnen. Auch pseudonyme Daten, die wir Ihnen nicht direkt, z.B. \u00fcber\neinen Namen oder eine E-Mail-Adresse zuordnen k\u00f6nnen, sind personenbezogene\nDaten. Weiterf\u00fchrende Informationen zum Themenfeld Datenschutz entnehmen Sie\nunserer unten aufgef\u00fchrten Datenschutzerkl\u00e4rung.<\/p>\n\n\n\n<p><strong>Verantwortung:<\/strong><\/p>\n\n\n\n<p>Hilbrecht &amp; \u00dcnal theTravellers GbR<\/p>\n\n\n\n<p>D\u00fcsseldorfer Str. 53 C<\/p>\n\n\n\n<p>51063 K\u00f6ln<\/p>\n\n\n\n<p>theTravellers[at]gmx.net<\/p>\n\n\n\n<p><strong>Betroffene Personen<\/strong><\/p>\n\n\n\n<p>Betroffene Personen sind Besucher und Nutzer des Onlineangebotes.<\/p>\n\n\n\n<p><strong>Kategorien der verarbeiteten Daten:<\/strong><\/p>\n\n\n\n<p>Es werden Daten zum allgemeinen Bestand, wie Name oder Adresse, zum\nKontakt, zum Inhalt, der Nutzung und Kommunikation sowie Metadaten\nerhoben.&nbsp;<\/p>\n\n\n\n<p><strong>Zweck der Verarbeitung<\/strong><\/p>\n\n\n\n<p>Wir verwenden Ihre Daten, um unser Angebot zur Verf\u00fcgung stellen zu k\u00f6nnen.\nAu\u00dferdem brauchen wir Ihre Daten, um mit Ihnen kommunizieren zu k\u00f6nnen. Des\nWeiteren messen wir Reichweite, machen Marketing und ergreifen\nSicherheitsma\u00dfnahmen mithilfe Ihrer Daten.<\/p>\n\n\n\n<p><strong>Rechtsgrundlagen<\/strong><\/p>\n\n\n\n<p>Nach Ma\u00dfgabe des Artikel 13 DSGVO teilen wir Ihnen die Rechtsgrundlagen\nunserer Datenverarbeitungen mit.&nbsp;<\/p>\n\n\n\n<p><strong>Sicherheitsma\u00dfnahmen<\/strong><\/p>\n\n\n\n<p>Wir treffen nach Art. 32 DSGVO Ma\u00dfnahmen, die unter Ber\u00fccksichtigung von\nKosten und technischen M\u00f6glichkeiten, sowie dem gegebenen Rahmen zum Schutz der\nDaten beitragen. Dazu geh\u00f6rt insbesondere die Sicherung der Vertraulichkeit, Integrit\u00e4t\nund Verf\u00fcgbarkeit von Daten durch Kontrolle des physischen Zugangs zu den\nDaten, als auch des sie betreffenden Zugriffs, der Eingabe, Weitergabe, der\nSicherung der Verf\u00fcgbarkeit und ihrer Trennung.&nbsp;<\/p>\n\n\n\n<p><strong>Zusammenarbeit mit Dritten<\/strong><\/p>\n\n\n\n<p>Im Rahmen unserer Verarbeitung nehmen wir Angebote von Dritten in Anspruch\nund r\u00e4umen den handelnden Unternehmen Zugriff auf Daten ein, denen gesetzlich\nein Zugriff aufgrund von vertraglichen Vereinbarungen gew\u00e4hrt werden darf. Sie\nwilligen diesem Zugriff mit der Nutzung unseres Angebotes ein.&nbsp;<\/p>\n\n\n\n<p><strong>Daten\u00fcbermittlungen in Drittl\u00e4nder<\/strong><\/p>\n\n\n\n<p>Wir \u00fcbermitteln Daten an Unternehmen, deren Sitz in einem Drittland liegt,\nalso au\u00dferhalb der EU oder des EWR. Diese Daten\u00fcbermittlung erfolgt innerhalb\ndes gesetzlichen Rahmens und unter offiziell anerkannten Festlegungen des\nDatenschutzniveaus. Die Weitergabe erfolgt nur, wenn gegen\u00fcber Drittl\u00e4nder\naufgrund vertraglicher Pflichten dazu verpflichtet sind.&nbsp;<\/p>\n\n\n\n<p><strong>Ihre Rechte&nbsp;<\/strong><\/p>\n\n\n\n<p>Sie haben das Recht, Auskunft \u00fcber die Verarbeitung Ihrer Daten zu\nverlangen. Au\u00dferdem d\u00fcrfen Sie Daten, die Sie uns bereitgestellt haben, zu\nerhalten und deren \u00dcbermittlung an andere Verantwortliche zu fordern.&nbsp;<\/p>\n\n\n\n<p>Sie haben das Recht zu verlangen, dass betreffende Daten gel\u00f6scht werden,\nbzw. alternativ eine Einschr\u00e4nkung der Verarbeitung der Daten zu verlangen.<\/p>\n\n\n\n<p>Sie haben das Recht, die Vervollst\u00e4ndigung der Sie betreffenden Daten oder\ndie Berichtigung der Sie betreffenden Daten zu verlangen.<\/p>\n\n\n\n<p>Sie haben das Recht, eine Beschwerde bei der Aufsichtsbeh\u00f6rde einzureichen.<\/p>\n\n\n\n<p>Sie haben das Recht, erteilte Einwilligungen mit Wirkung f\u00fcr die Zukunft zu\nwiderrufen.<\/p>\n\n\n\n<p>Sie k\u00f6nnen der k\u00fcnftigen Verarbeitung der Sie betreffenden Daten\nwidersprechen.&nbsp;<\/p>\n\n\n\n<p><strong>Cookies und Widerspruchsrecht bei Direktwerbung<\/strong><\/p>\n\n\n\n<p>Cookies sind kleine Textdateien, die auf Ihrer Festplatte dem von Ihnen\nverwendeten Browser zugeordnet und dort gespeichert werden und durch welche der\nStelle, die den Cookie setzt, bestimmte Informationen zuflie\u00dfen. Cookies k\u00f6nnen\nkeine Programme ausf\u00fchren oder Viren auf Ihren Computer \u00fcbertragen. Sie dienen\ndazu, das Internetangebot insgesamt nutzerfreundlicher und effektiver zu\nmachen.<\/p>\n\n\n\n<p>Wir unterscheiden in tempor\u00e4re Cookies und persistente Cookies. Als\ntempor\u00e4re Cookies werden Cookies bezeichnet, die gel\u00f6scht werden, nachdem ein\nNutzer ein Onlineangebot verl\u00e4sst und seinen Browser schlie\u00dft. Persistente\nCookies bleibt auch nach der Schlie\u00dfung des Browsers erhalten und werden erst\nnach einer vorgegebenen Dauer gel\u00f6scht, die sich je nach Cookie unterscheiden\nkann. Sie k\u00f6nnen die Cookies in den Sicherheitseinstellungen Ihres Browsers\njederzeit l\u00f6schen.&nbsp;<\/p>\n\n\n\n<p>Mit Third-Party-Cookies sind Cookies gemeint, die von anderen Anbietern als\ndem Verantwortlichen, der das Onlineangebot betreibt, angeboten werden.<\/p>\n\n\n\n<p>Sie k\u00f6nnen Ihre Browser-Einstellung entsprechend Ihren W\u00fcnschen anpassen,\nwas allerdings zur Einschr\u00e4nkung unseres Produktes f\u00fcr Sie zur Folge haben\nkann.&nbsp;<\/p>\n\n\n\n<p>Ein genereller Widerspruch gegen den Einsatz von Cookies kann\nbeispielsweise unter http:\/\/optout.aboutads.info\/?c=2#!\/ oder\nhttp:\/\/www.youronlinechoices.com\/ erkl\u00e4rt werden.&nbsp;<\/p>\n\n\n\n<p><strong>Datenl\u00f6schung<\/strong><\/p>\n\n\n\n<p>Daten, die von uns verarbeitet wurden, werden gel\u00f6scht oder eingeschr\u00e4nkt,\nsobald sie f\u00fcr ihre Zweckbestimmung nicht mehr erforderlich sind und der\nL\u00f6schung keine gesetzlichen Aufbewahrungspflichten entgegenstehen.\nEingeschr\u00e4nkt werden Daten, die weiterhin f\u00fcr einen gesetzlich zul\u00e4ssigen Zweck\nerforderlich sind.&nbsp;<\/p>\n\n\n\n<p><strong>Gesch\u00e4ftsbezogene Verarbeitung<\/strong><\/p>\n\n\n\n<p>Wir verarbeiten Daten zu Vertr\u00e4gen, Zahlungen und von Kunden oder\nGesch\u00e4ftspartnern denen wir eine vertragliche Leistung schulden.&nbsp;<\/p>\n\n\n\n<p><strong>Affiliate-Partnerprogramme<\/strong><\/p>\n\n\n\n<p>Unser Angebot setzt Affiliatesysteme ein, die Trackingma\u00dfnahmen\nerforderlich machen. Stellen wir ein Affiliate-Link oder After-Buy-System auf\nunsere Website, so erhalten f\u00fcr vom Partner daf\u00fcr eine Provision. F\u00fcr uns ist\nes erforderlich nachverfolgen zu k\u00f6nnen, ob ein Nutzer einen Link oder ein\nAfter-Buy-System in Anspruch genommen hat. Hierzu werden die Affiliate-Links\nund unsere Angebote um bestimmte Werte erg\u00e4nzt, die ein Bestandteil des Links\noder anderweitig, z.B. in einem Cookie, gesetzt werden k\u00f6nnen.&nbsp;<\/p>\n\n\n\n<p><strong>Amazon-Partnerprogramm<\/strong><\/p>\n\n\n\n<p>Wir haben berechtigtes Interesse an der Teilnahme am Partnerprogramm von\nAmazon EU, wodurch wir Provision f\u00fcr Kaufabschl\u00fcsse \u00fcber unsere Affiliate-Links\nerhalten.&nbsp;<\/p>\n\n\n\n<p>Amazon setzt Cookies ein, um die Herkunft der Bestellungen nachvollziehen\nzu k\u00f6nnen. Weitere Informationen zur Datennutzung durch Amazon und\nWiderspruchsm\u00f6glichkeiten erhalten Sie in der Datenschutzerkl\u00e4rung des\nUnternehmens: https:\/\/www.amazon.de\/gp\/help\/customer\/display.html\/ref=footer_privacy?ie=UTF8&amp;nodeId=201909010\n.<\/p>\n\n\n\n<p><strong>Booking.com-Partnerprogramm<\/strong><\/p>\n\n\n\n<p>Wir haben berechtigtes Interesse an der Teilnahme am Partnerprogramm von\nBooking.com, wodurch wir Provision f\u00fcr Buchungen \u00fcber unsere Affiliate-Links\nerhalten.&nbsp;<\/p>\n\n\n\n<p>Booking.com setzt Cookies ein, um die Herkunft der Bestellungen\nnachvollziehen zu k\u00f6nnen. Weitere Informationen zur Datennutzung durch\nBooking.com und Widerspruchsm\u00f6glichkeiten erhalten Sie in der\nDatenschutzerkl\u00e4rung des Unternehmens: <a href=\"https:\/\/www.booking.com\/content\/privacy.de.html?aid=1169080;sid=7c00b5a60efa4d454a7bfad3d3458845\">https:\/\/www.booking.com\/content\/privacy.de.html?aid=1169080;sid=7c00b5a60efa4d454a7bfad3d3458845<\/a>&nbsp;<\/p>\n\n\n\n<p><strong>Kommentare und Beitr\u00e4ge<\/strong><\/p>\n\n\n\n<p>Wenn ein Nutzer Kommentare hinterl\u00e4sst, kann die IP-Adresse aufgrund eines\nberechtigten Interesses gespeichert werden.&nbsp;<\/p>\n\n\n\n<p>Die im Rahmen der Kommentare und Beitr\u00e4ge angegebenen Daten, werden von uns\nbis zum Widerspruch der Nutzer dauerhaft gespeichert.<\/p>\n\n\n\n<p><strong>Kontaktaufnahme<\/strong><\/p>\n\n\n\n<p>Bei einer Kontaktaufnahme mit uns werden die Daten des Nutzers zur\nBearbeitung der Kontaktanfrage und deren Abwicklung verarbeitet. Im Anschluss\nwerden die Daten gel\u00f6scht, sofern sie nicht mehr f\u00fcr die Bearbeitung der\nAnfrage erforderlich sind.&nbsp;<\/p>\n\n\n\n<p><strong>Hosting und E-Mailing<\/strong><\/p>\n\n\n\n<p>Wir beanspruchen Hosting-Leistungen, um unser Angebot bereitstellen zu\nk\u00f6nnen. Darunter fallen: Infrastruktur- und Plattformdienstleistungen,\nSpeicherplatz und Datenbankdienste, Rechenkapazit\u00e4t, E-Mailing, Sicherheit und\ntechnische Wartungen.&nbsp;<\/p>\n\n\n\n<p>Dabei werden Ihre Daten durch uns oder unseren Hostinganbieter verarbeitet.\nMit Daten sind Bestands- und Kontaktdaten, Nutzungsdaten, aber auch Metadaten\nund Kommunikationsdaten gemeint. Die Datensammlung erfolgt aufgrund eines\nberechtigten Interesses.&nbsp;<\/p>\n\n\n\n<p><strong>Zugriffsdaten und Logfiles<\/strong><\/p>\n\n\n\n<p>Wir und unser Hostinganbieter verarbeiten Zugriffsdaten auf den Server\nunseres Angebots. Daten sind hier Zugriffsdaten, wie Zeitpunkt, Datenmenge,\nBrowsertyp, URLs, IP-Adresse und der Provider. Gespeicherte Logfiles werden\nnach 7 Tagen gel\u00f6scht, sofern sie nicht als Beweisst\u00fccke dienen.<\/p>\n\n\n\n<p><strong>Google Analytics &amp; Google Adsense<\/strong><\/p>\n\n\n\n<p>Unser Angebot ist mit Google Analytics verbunden, da ein berechtigtes\nInteresse daran besteht. Google Analytics speichert Cookies, um Informationen\nzu erzeugen, die Auskunft \u00fcber die Benutzung unseres Angebots durch den\nBesucher\/Nutzer zu liefern. In der Regel werden Daten in die USA \u00fcbertragen und\ngespeichert. Es k\u00f6nnen aus den verarbeiteten Daten pseudonyme Nutzungsprofile\nder Nutzer erstellt werden. Die personenbezogenen Daten der Nutzer werden nach\n14 Monaten gel\u00f6scht oder anonymisiert. Die Speicherung von Cookies kann im\nBrowser verhindert werden.<\/p>\n\n\n\n<p>Au\u00dferdem verwenden wir Google Analytics, um Werbung nur den Nutzer\nanzuzeigen, die ein Interesse an unserem Onlineangebot haben k\u00f6nnten. Google\nAnalytics filtert diese Nutzer anhand der besuchten Websites. \u00dcber Google\nAdsense erh\u00e4lt Google Information, ob ein Nutzer auf eine Anzeige geklickt hat,\nwof\u00fcr wir wiederum eine Entlohnung erhalten. Zu diesem Zweck werden\nNutzungsdaten, z.B. der Klick auf eine Anzeige, verarbeitet. Die IP-Adresse\nwird gek\u00fcrzt. Die Verarbeitung der Daten der Nutzer ist anonymisiert. Au\u00dferdem\nverarbeitet Google Daten rund ums Tracking und Targeting von Nutzern, um\ninteressenbezogen Werbung auszuspielen.&nbsp;<\/p>\n\n\n\n<p>Google gew\u00e4hrleistet, das EU-Datenschutzrecht einzuhalten:\nhttps:\/\/www.privacyshield.gov\/participant?id=a2zt000000001L5AAI&amp;status=Active&nbsp;<\/p>\n\n\n\n<p>Hier finden Sie Informationen zur Datenschutzerkl\u00e4rung von Google: <a href=\"https:\/\/policies.google.com\/technologies\/ads\">https:\/\/policies.google.com\/technologies\/ads<\/a>&nbsp;<\/p>\n\n\n\n<p><strong>Google AdWords&nbsp;<\/strong><\/p>\n\n\n\n<p>Wir nutzen das Onlinemarketing-Tool Google Adwords, um Anzeigen im Google-Netzwerk\nzu platzieren. Hier greift Google zur optimalen Ausspielung von Werbung auf\nNutzerdaten zur\u00fcck. Das erlaubt uns, Anzeigen gezielt auszusteuern. Zu diesem\nZweck platziert Google einen Code, der in die Website eingebunden ist. In einer\nDatei wird vermerkt, welche Onlineangebote der Nutzer besucht hat und auf\nwelche Links und Bilder geklickt wurde. Wir erhalten ein Cookie \u00fcber die\nConversion, wor\u00fcber Statistiken gef\u00fchrt werden. Die Daten bleiben f\u00fcr uns\nanonym.&nbsp;<\/p>\n\n\n\n<p><strong>Onlinepr\u00e4senzen in sozialen Medien &amp; die Nutzung von YouTube<\/strong><\/p>\n\n\n\n<p>Wir verwalten Accounts auf verschiedenen Social Media-Seiten. Dar\u00fcber\nkommunizierne wir aktuelle Informationen zu unserem Angebot. F\u00fcr Sie als Nutzer\nunserer Onlinepr\u00e4senzen gelten die die Gesch\u00e4ftsbedingungen und die Richtlinien\nzur Datenverarbeitung der jeweiligen Betreiber. Wir verarbeiten au\u00dferdem Daten\nder Nutzer, die unsere Onlinepr\u00e4senzen besuchen und treten in Kontakt, falls\nNutzer dies w\u00fcnschen.&nbsp;<\/p>\n\n\n\n<p>Des Weiteren binden wir Videos der Plattform YouTube auf unseren Seiten\nein. Die Datenschutzerkl\u00e4rung finden Sie hier: <a href=\"https:\/\/policies.google.com\/privacy?hl=de\">https:\/\/policies.google.com\/privacy?hl=de<\/a>&nbsp;<\/p>\n\n\n\n<p><strong>Einbindung von Diensten und Inhalten Dritter<\/strong><\/p>\n\n\n\n<p>Weiterhin besteht ein berechtigtes Interesse auf Dienste und Inhalte von\nDritten, die unser Angebot erweitern und verbessern. Das setzt teilweise\nvoraus, dass Drittanbieter die IP-Adresse der Nutzer wahrnehmen. Drittanbieter\nk\u00f6nnen Pixel-Tags anwenden und Daten auszuwerten. Diese Daten sind anonym.<\/p>\n\n\n\n<p><strong>reCAPTCHA<\/strong><\/p>\n\n\n\n<p>Zum Schutz Ihrer Anfragen per Internetformular verwenden wir den Dienst reCAPTCHA\ndes Unternehmens Google LLC (Google). Die Abfrage dient der Unterscheidung, ob\ndie Eingabe durch einen Menschen oder missbr\u00e4uchlich durch automatisierte,\nmaschinelle Verarbeitung erfolgt. Die Abfrage schlie\u00dft den Versand der\nIP-Adresse und ggf. weiterer von Google f\u00fcr den Dienst reCAPTCHA ben\u00f6tigter\nDaten an Google ein. Zu diesem Zweck wird Ihre Eingabe an Google \u00fcbermittelt\nund dort weiter verwendet. Ihre IP-Adresse wird von Google jedoch innerhalb von\nMitgliedstaaten der Europ\u00e4ischen Union oder in anderen Vertragsstaaten des\nAbkommens \u00fcber den Europ\u00e4ischen Wirtschaftsraum zuvor gek\u00fcrzt. Nur in\nAusnahmef\u00e4llen wird die volle IP-Adresse an einen Server von Google in den USA\n\u00fcbertragen und dort gek\u00fcrzt. Im Auftrag des Betreibers dieser Website wird Google\ndiese Informationen benutzen, um Ihre Nutzung dieses Dienstes auszuwerten. Die\nim Rahmen von reCaptcha von Ihrem Browser \u00fcbermittelte IP-Adresse wird nicht\nmit anderen Daten von Google zusammengef\u00fchrt. F\u00fcr diese Daten gelten die\nabweichenden Datenschutzbestimmungen des Unternehmens Google. Weitere\nInformationen zu den Datenschutzrichtlinien von Google finden Sie unter:&nbsp;<a href=\"https:\/\/policies.google.com\/privacy?hl=de\" target=\"_blank\" rel=\"noreferrer noopener\">https:\/\/policies.google.com\/privacy?hl=de<\/a><\/p>\n","protected":false},"excerpt":{"rendered":"<p>Datenschutzerkl\u00e4rung Die nachfolgenden Hinweise geben Ihnen eine \u00dcbersicht dar\u00fcber, was mit Ihren personenbezogenen Daten geschieht, wenn Sie unsere Website besuchen. Personenbezogene Daten sind alle Daten, mit denen Sie pers\u00f6nlich identifiziert werden k\u00f6nnen. Auch pseudonyme Daten, die wir Ihnen nicht direkt, z.B. \u00fcber einen Namen oder eine E-Mail-Adresse zuordnen k\u00f6nnen, sind [&hellip;]<\/p>\n","protected":false},"author":1,"featured_media":0,"parent":0,"menu_order":0,"comment_status":"closed","ping_status":"closed","template":"","meta":{"om_disable_all_campaigns":false,"_monsterinsights_skip_tracking":false,"_monsterinsights_sitenote_active":false,"_monsterinsights_sitenote_note":"","_monsterinsights_sitenote_category":0,"_uf_show_specific_survey":0,"_uf_disable_surveys":false,"footnotes":""},"class_list":["post-4333","page","type-page","status-publish","hentry"],"aioseo_notices":[],"_links":{"self":[{"href":"https:\/\/thetravellers.world\/en\/wp-json\/wp\/v2\/pages\/4333","targetHints":{"allow":["GET"]}}],"collection":[{"href":"https:\/\/thetravellers.world\/en\/wp-json\/wp\/v2\/pages"}],"about":[{"href":"https:\/\/thetravellers.world\/en\/wp-json\/wp\/v2\/types\/page"}],"author":[{"embeddable":true,"href":"https:\/\/thetravellers.world\/en\/wp-json\/wp\/v2\/users\/1"}],"replies":[{"embeddable":true,"href":"https:\/\/thetravellers.world\/en\/wp-json\/wp\/v2\/comments?post=4333"}],"version-history":[{"count":2,"href":"https:\/\/thetravellers.world\/en\/wp-json\/wp\/v2\/pages\/4333\/revisions"}],"predecessor-version":[{"id":4630,"href":"https:\/\/thetravellers.world\/en\/wp-json\/wp\/v2\/pages\/4333\/revisions\/4630"}],"wp:attachment":[{"href":"https:\/\/thetravellers.world\/en\/wp-json\/wp\/v2\/media?parent=4333"}],"curies":[{"name":"wp","href":"https:\/\/api.w.org\/{rel}","templated":true}]}}