{"id":4332,"date":"2020-02-04T13:45:00","date_gmt":"2020-02-04T12:45:00","guid":{"rendered":"http:\/\/thetravellers.world\/?page_id=4332"},"modified":"2023-12-19T12:07:38","modified_gmt":"2023-12-19T11:07:38","slug":"impressum","status":"publish","type":"page","link":"https:\/\/thetravellers.world\/en\/impressum\/","title":{"rendered":"Imprint"},"content":{"rendered":"<div data-elementor-type=\"wp-page\" data-elementor-id=\"4332\" class=\"elementor elementor-4332\">\n\t\t\t\t\t\t<section class=\"elementor-section elementor-top-section elementor-element elementor-element-345197b elementor-section-boxed elementor-section-height-default elementor-section-height-default\" data-id=\"345197b\" data-element_type=\"section\" data-e-type=\"section\">\n\t\t\t\t\t\t<div class=\"elementor-container elementor-column-gap-default\">\n\t\t\t\t\t<div class=\"elementor-column elementor-col-100 elementor-top-column elementor-element elementor-element-fe004ee\" data-id=\"fe004ee\" data-element_type=\"column\" data-e-type=\"column\">\n\t\t\t<div class=\"elementor-widget-wrap elementor-element-populated\">\n\t\t\t\t\t\t<div class=\"elementor-element elementor-element-5edd6b2 elementor-widget elementor-widget-spacer\" data-id=\"5edd6b2\" data-element_type=\"widget\" data-e-type=\"widget\" data-widget_type=\"spacer.default\">\n\t\t\t\t<div class=\"elementor-widget-container\">\n\t\t\t\t\t\t\t<div class=\"elementor-spacer\">\n\t\t\t<div class=\"elementor-spacer-inner\"><\/div>\n\t\t<\/div>\n\t\t\t\t\t\t<\/div>\n\t\t\t\t<\/div>\n\t\t\t\t\t<\/div>\n\t\t<\/div>\n\t\t\t\t\t<\/div>\n\t\t<\/section>\n\t\t\t\t<section class=\"elementor-section elementor-top-section elementor-element elementor-element-b45781a elementor-section-boxed elementor-section-height-default elementor-section-height-default\" data-id=\"b45781a\" data-element_type=\"section\" data-e-type=\"section\">\n\t\t\t\t\t\t<div class=\"elementor-container elementor-column-gap-default\">\n\t\t\t\t\t<div class=\"elementor-column elementor-col-100 elementor-top-column elementor-element elementor-element-bd93ded\" data-id=\"bd93ded\" data-element_type=\"column\" data-e-type=\"column\">\n\t\t\t<div class=\"elementor-widget-wrap elementor-element-populated\">\n\t\t\t\t\t\t<div class=\"elementor-element elementor-element-a835794 elementor-widget elementor-widget-text-editor\" data-id=\"a835794\" data-element_type=\"widget\" data-e-type=\"widget\" data-widget_type=\"text-editor.default\">\n\t\t\t\t<div class=\"elementor-widget-container\">\n\t\t\t\t\t\t\t\t\t<p>This is a journalistic publication of:<\/p>\n<p>Hilbrecht &amp; \u00dcnal theTravellers GbR<\/p>\n<p><span style=\"font-size: inherit;\">D\u00fcsseldorfer Str. 53 C<\/span><\/p>\n<p><span style=\"font-size: inherit;\">51063 Cologne, Germany<\/span><\/p>\n<p><span style=\"font-size: inherit;\"><br><\/span><\/p>\n<p><span style=\"font-size: inherit;\">Local court Cologne,&nbsp;<\/span>Tax DE324639398<\/p>\n<p><br><\/p>\n<p><\/p>\n<p>Management and responsible for the content:<\/p>\n<p>Thomas Hilbrecht &amp; Cengiz \u00dcnal<\/p>\n<p>Address as above<\/p>\t\t\t\t\t\t\t\t<\/div>\n\t\t\t\t<\/div>\n\t\t\t\t\t<\/div>\n\t\t<\/div>\n\t\t\t\t\t<\/div>\n\t\t<\/section>\n\t\t\t\t<section class=\"elementor-section elementor-top-section elementor-element elementor-element-172adfe elementor-section-boxed elementor-section-height-default elementor-section-height-default\" data-id=\"172adfe\" data-element_type=\"section\" data-e-type=\"section\">\n\t\t\t\t\t\t<div class=\"elementor-container elementor-column-gap-default\">\n\t\t\t\t\t<div class=\"elementor-column elementor-col-100 elementor-top-column elementor-element elementor-element-da63462\" data-id=\"da63462\" data-element_type=\"column\" data-e-type=\"column\">\n\t\t\t<div class=\"elementor-widget-wrap elementor-element-populated\">\n\t\t\t\t\t\t<div class=\"elementor-element elementor-element-65f3175 elementor-widget elementor-widget-button\" data-id=\"65f3175\" data-element_type=\"widget\" data-e-type=\"widget\" data-widget_type=\"button.default\">\n\t\t\t\t<div class=\"elementor-widget-container\">\n\t\t\t\t\t\t\t\t\t<div class=\"elementor-button-wrapper\">\n\t\t\t\t\t<a class=\"elementor-button elementor-button-link elementor-size-sm\" href=\"http:\/\/thetravellers.world\/en\/kontakt\/\">\n\t\t\t\t\t\t<span class=\"elementor-button-content-wrapper\">\n\t\t\t\t\t\t\t\t\t<span class=\"elementor-button-text\">CONTACT<\/span>\n\t\t\t\t\t<\/span>\n\t\t\t\t\t<\/a>\n\t\t\t\t<\/div>\n\t\t\t\t\t\t\t\t<\/div>\n\t\t\t\t<\/div>\n\t\t\t\t\t<\/div>\n\t\t<\/div>\n\t\t\t\t\t<\/div>\n\t\t<\/section>\n\t\t\t\t<section class=\"elementor-section elementor-top-section elementor-element elementor-element-16b1a56 elementor-section-boxed elementor-section-height-default elementor-section-height-default\" data-id=\"16b1a56\" data-element_type=\"section\" data-e-type=\"section\">\n\t\t\t\t\t\t<div class=\"elementor-container elementor-column-gap-default\">\n\t\t\t\t\t<div class=\"elementor-column elementor-col-100 elementor-top-column elementor-element elementor-element-389a84e\" data-id=\"389a84e\" data-element_type=\"column\" data-e-type=\"column\">\n\t\t\t<div class=\"elementor-widget-wrap elementor-element-populated\">\n\t\t\t\t\t\t<div class=\"elementor-element elementor-element-db0a7de elementor-widget elementor-widget-spacer\" data-id=\"db0a7de\" data-element_type=\"widget\" data-e-type=\"widget\" data-widget_type=\"spacer.default\">\n\t\t\t\t<div class=\"elementor-widget-container\">\n\t\t\t\t\t\t\t<div class=\"elementor-spacer\">\n\t\t\t<div class=\"elementor-spacer-inner\"><\/div>\n\t\t<\/div>\n\t\t\t\t\t\t<\/div>\n\t\t\t\t<\/div>\n\t\t\t\t\t<\/div>\n\t\t<\/div>\n\t\t\t\t\t<\/div>\n\t\t<\/section>\n\t\t\t\t<section class=\"elementor-section elementor-top-section elementor-element elementor-element-a071e94 elementor-section-boxed elementor-section-height-default elementor-section-height-default\" data-id=\"a071e94\" data-element_type=\"section\" data-e-type=\"section\">\n\t\t\t\t\t\t<div class=\"elementor-container elementor-column-gap-default\">\n\t\t\t\t\t<div class=\"elementor-column elementor-col-100 elementor-top-column elementor-element elementor-element-465ca1b\" data-id=\"465ca1b\" data-element_type=\"column\" data-e-type=\"column\">\n\t\t\t<div class=\"elementor-widget-wrap elementor-element-populated\">\n\t\t\t\t\t\t<div class=\"elementor-element elementor-element-dea3b27 elementor-widget elementor-widget-text-editor\" data-id=\"dea3b27\" data-element_type=\"widget\" data-e-type=\"widget\" data-widget_type=\"text-editor.default\">\n\t\t\t\t<div class=\"elementor-widget-container\">\n\t\t\t\t\t\t\t\t\t<p style=\"margin-bottom: 0px; color: rgb(0, 0, 0); font-family: &quot;Open Sans&quot;, sans-serif, google; font-size: 16px; background-color: rgba(255, 255, 255, 0.95);\"><strong>Liability for contents<\/strong><\/p>\n<p style=\"margin-bottom: 0px; color: rgb(0, 0, 0); font-family: &quot;Open Sans&quot;, sans-serif, google; font-size: 16px; background-color: rgba(255, 255, 255, 0.95);\">As a service provider, we are responsible for our own content on these pages according to \u00a7 7 para.1 TMG (German Telemedia Act) and general laws. According to \u00a7\u00a7 8 to 10 TMG, we are not obliged to monitor transmitted or stored external information or to investigate circumstances that indicate illegal activity. Obligations to remove or block the use of information according to general laws remain unaffected. However, liability in this respect is only possible from the time of knowledge of a concrete infringement. If we become aware of any such infringements, we will remove such content immediately.<\/p>\n<p style=\"margin-bottom: 0px; color: rgb(0, 0, 0); font-family: &quot;Open Sans&quot;, sans-serif, google; font-size: 16px; background-color: rgba(255, 255, 255, 0.95);\"><br data-mce-bogus=\"1\"><\/p>\n<p style=\"margin-bottom: 0px; color: rgb(0, 0, 0); font-family: &quot;Open Sans&quot;, sans-serif, google; font-size: 16px; background-color: rgba(255, 255, 255, 0.95);\"><strong>Liability for links<\/strong><\/p>\n<p style=\"margin-bottom: 0px; color: rgb(0, 0, 0); font-family: &quot;Open Sans&quot;, sans-serif, google; font-size: 16px; background-color: rgba(255, 255, 255, 0.95);\">Our offer contains links to external websites of third parties, on whose contents we have no influence. Therefore we cannot assume any liability for these external contents. The respective provider or operator of the sites is always responsible for the contents of the linked sites. The linked pages were checked for possible legal violations at the time of linking. Illegal contents were not recognizable at the time of linking. However, a permanent control of the contents of the linked pages is not reasonable without concrete evidence of a violation of the law. If we become aware of any infringements, we will remove such links immediately.<\/p>\n<p style=\"margin-bottom: 0px; color: rgb(0, 0, 0); font-family: &quot;Open Sans&quot;, sans-serif, google; font-size: 16px; background-color: rgba(255, 255, 255, 0.95);\"><br data-mce-bogus=\"1\"><\/p>\n<p style=\"margin-bottom: 0px; color: rgb(0, 0, 0); font-family: &quot;Open Sans&quot;, sans-serif, google; font-size: 16px; background-color: rgba(255, 255, 255, 0.95);\"><strong>Copyright<\/strong><\/p>\n<p style=\"margin-bottom: 0px; color: rgb(0, 0, 0); font-family: &quot;Open Sans&quot;, sans-serif, google; font-size: 16px; background-color: rgba(255, 255, 255, 0.95);\">The contents and works on these pages created by the site operators are subject to German copyright law. The reproduction, editing, distribution and any kind of use outside the limits of copyright law require the written consent of the respective author or creator. Downloads and copies of these pages are only permitted for private, non-commercial use. Insofar as the content on this site was not created by the operator, the copyrights of third parties are respected. In particular, third-party content is marked as such. Should you nevertheless become aware of a copyright infringement, please inform us accordingly. If we become aware of any infringements, we will remove such contents immediately.<\/p>\n<p style=\"margin-bottom: 0px; color: rgb(0, 0, 0); font-family: &quot;Open Sans&quot;, sans-serif, google; font-size: 16px; background-color: rgba(255, 255, 255, 0.95);\"><br><\/p>\n<p style=\"margin-bottom: 0px; color: rgb(0, 0, 0); font-family: &quot;Open Sans&quot;, sans-serif, google; font-size: 16px; background-color: rgba(255, 255, 255, 0.95);\"><i>References:&nbsp;<a rel=\"nofollow\" href=\"http:\/\/www.e-recht24.de\/muster-disclaimer.html\" target=\"_blank\" style=\"color: rgb(84, 193, 132); transition-duration: 0.2s; transition-timing-function: ease-in; transition-property: color;\">eRecht24<\/a><\/i><\/p>\n<p style=\"margin-bottom: 0px; color: rgb(0, 0, 0); font-family: &quot;Open Sans&quot;, sans-serif, google; font-size: 16px; background-color: rgba(255, 255, 255, 0.95);\"><br><\/p>\n<p style=\"margin-bottom: 0px; color: rgb(0, 0, 0); font-family: &quot;Open Sans&quot;, sans-serif, google; font-size: 16px; background-color: rgba(255, 255, 255, 0.95);\">Hosting Provider:<\/p>\n<p style=\"margin-bottom: 0px; background-color: rgba(255, 255, 255, 0.95);\"><strong style=\"color: rgb(60, 72, 88); font-family: Roboto, Helvetica, Arial, sans-serif; font-size: 18px; background-color: rgb(255, 255, 255);\">Dienst:<\/strong><span style=\"color: rgb(60, 72, 88); font-family: Roboto, Helvetica, Arial, sans-serif; font-size: 18px; background-color: rgb(255, 255, 255);\">&nbsp;Strato<\/span><br style=\"color: rgb(60, 72, 88); font-family: Roboto, Helvetica, Arial, sans-serif; font-size: 18px; background-color: rgb(255, 255, 255);\"><br><\/p>\t\t\t\t\t\t\t\t<\/div>\n\t\t\t\t<\/div>\n\t\t\t\t\t<\/div>\n\t\t<\/div>\n\t\t\t\t\t<\/div>\n\t\t<\/section>\n\t\t\t\t<\/div>","protected":false},"excerpt":{"rendered":"<p>Dies ist ein publizistisches Angebot von: Hilbrecht &amp; \u00dcnal theTravellers GbR D\u00fcsseldorfer Str. 53 C 51063 K\u00f6ln Amtsgericht K\u00f6ln,&nbsp;USt-Id-Nr. DE324639398 Gesch\u00e4ftsf\u00fchrung und verantwortlich f\u00fcr den Inhalt: Thomas Hilbrecht &amp; Cengiz \u00dcnal Adresse wie oben KONTAKT Haftung f\u00fcr Inhalte Als Diensteanbieter sind wir gem\u00e4\u00df \u00a7 7 Abs.1 TMG f\u00fcr eigene Inhalte [&hellip;]<\/p>\n","protected":false},"author":1,"featured_media":0,"parent":0,"menu_order":0,"comment_status":"closed","ping_status":"closed","template":"page-templates\/template-pagebuilder-full-width.php","meta":{"om_disable_all_campaigns":false,"_monsterinsights_skip_tracking":false,"_monsterinsights_sitenote_active":false,"_monsterinsights_sitenote_note":"","_monsterinsights_sitenote_category":0,"_uf_show_specific_survey":0,"_uf_disable_surveys":false,"footnotes":""},"class_list":["post-4332","page","type-page","status-publish","hentry"],"aioseo_notices":[],"_links":{"self":[{"href":"https:\/\/thetravellers.world\/en\/wp-json\/wp\/v2\/pages\/4332","targetHints":{"allow":["GET"]}}],"collection":[{"href":"https:\/\/thetravellers.world\/en\/wp-json\/wp\/v2\/pages"}],"about":[{"href":"https:\/\/thetravellers.world\/en\/wp-json\/wp\/v2\/types\/page"}],"author":[{"embeddable":true,"href":"https:\/\/thetravellers.world\/en\/wp-json\/wp\/v2\/users\/1"}],"replies":[{"embeddable":true,"href":"https:\/\/thetravellers.world\/en\/wp-json\/wp\/v2\/comments?post=4332"}],"version-history":[{"count":13,"href":"https:\/\/thetravellers.world\/en\/wp-json\/wp\/v2\/pages\/4332\/revisions"}],"predecessor-version":[{"id":6438,"href":"https:\/\/thetravellers.world\/en\/wp-json\/wp\/v2\/pages\/4332\/revisions\/6438"}],"wp:attachment":[{"href":"https:\/\/thetravellers.world\/en\/wp-json\/wp\/v2\/media?parent=4332"}],"curies":[{"name":"wp","href":"https:\/\/api.w.org\/{rel}","templated":true}]}}