{"id":8,"date":"2020-02-03T08:19:39","date_gmt":"2020-02-03T07:19:39","guid":{"rendered":"http:\/\/thetravellers.world\/?page_id=8"},"modified":"2025-02-27T15:40:03","modified_gmt":"2025-02-27T14:40:03","slug":"kontakt","status":"publish","type":"page","link":"http:\/\/thetravellers.world\/en\/kontakt\/","title":{"rendered":"Contact"},"content":{"rendered":"<div data-elementor-type=\"wp-page\" data-elementor-id=\"8\" class=\"elementor elementor-8\">\n\t\t\t\t\t\t<section class=\"elementor-section elementor-top-section elementor-element elementor-element-1c87685 elementor-section-boxed elementor-section-height-default elementor-section-height-default\" data-id=\"1c87685\" data-element_type=\"section\" data-e-type=\"section\">\n\t\t\t\t\t\t<div class=\"elementor-container elementor-column-gap-default\">\n\t\t\t\t\t<div class=\"elementor-column elementor-col-100 elementor-top-column elementor-element elementor-element-444fabb\" data-id=\"444fabb\" data-element_type=\"column\" data-e-type=\"column\">\n\t\t\t<div class=\"elementor-widget-wrap elementor-element-populated\">\n\t\t\t\t\t\t<div class=\"elementor-element elementor-element-674e027 elementor-widget elementor-widget-text-editor\" data-id=\"674e027\" data-element_type=\"widget\" data-e-type=\"widget\" data-widget_type=\"text-editor.default\">\n\t\t\t\t<div class=\"elementor-widget-container\">\n\t\t\t\t\t\t\t\t\t<p><strong><span style=\"font-size: inherit;\">We are looking forward to your message!<\/span><\/strong><\/p><p><span style=\"font-size: inherit;\">Do you have questions, feedback, or want to collaborate with us? Send us a message!<\/span><\/p><p data-start=\"313\" data-end=\"400\">We\u2019re looking forward to your email and will get back to you as soon as possible! \ud83c\udf0d\u2708\ufe0f<\/p><p data-start=\"313\" data-end=\"400\"><em>Thomas, Cengiz &amp; theTravellers team<\/em><\/p>\t\t\t\t\t\t\t\t<\/div>\n\t\t\t\t<\/div>\n\t\t\t\t\t<\/div>\n\t\t<\/div>\n\t\t\t\t\t<\/div>\n\t\t<\/section>\n\t\t<div class=\"elementor-element elementor-element-f58b197 e-flex e-con-boxed e-con e-parent\" data-id=\"f58b197\" data-element_type=\"container\" data-e-type=\"container\">\n\t\t\t\t\t<div class=\"e-con-inner\">\n\t\t\t\t<div class=\"elementor-element elementor-element-af646e9 elementor-widget elementor-widget-spacer\" data-id=\"af646e9\" data-element_type=\"widget\" data-e-type=\"widget\" data-widget_type=\"spacer.default\">\n\t\t\t\t<div class=\"elementor-widget-container\">\n\t\t\t\t\t\t\t<div class=\"elementor-spacer\">\n\t\t\t<div class=\"elementor-spacer-inner\"><\/div>\n\t\t<\/div>\n\t\t\t\t\t\t<\/div>\n\t\t\t\t<\/div>\n\t\t\t\t\t<\/div>\n\t\t\t\t<\/div>\n\t\t\t\t<section class=\"elementor-section elementor-top-section elementor-element elementor-element-74eaafd elementor-section-boxed elementor-section-height-default elementor-section-height-default\" data-id=\"74eaafd\" data-element_type=\"section\" data-e-type=\"section\">\n\t\t\t\t\t\t<div class=\"elementor-container elementor-column-gap-default\">\n\t\t\t\t\t<div class=\"elementor-column elementor-col-100 elementor-top-column elementor-element elementor-element-1c8f848\" data-id=\"1c8f848\" data-element_type=\"column\" data-e-type=\"column\">\n\t\t\t<div class=\"elementor-widget-wrap elementor-element-populated\">\n\t\t\t\t\t\t<div class=\"elementor-element elementor-element-cce731c elementor-widget elementor-widget-image\" data-id=\"cce731c\" data-element_type=\"widget\" data-e-type=\"widget\" data-widget_type=\"image.default\">\n\t\t\t\t<div class=\"elementor-widget-container\">\n\t\t\t\t\t\t\t\t\t\t\t\t\t\t\t<img fetchpriority=\"high\" decoding=\"async\" width=\"2560\" height=\"821\" src=\"http:\/\/thetravellers.world\/wp-content\/uploads\/2022\/02\/theTravellers-Kontakt-scaled.jpg\" class=\"attachment-full size-full wp-image-6171\" alt=\"\" srcset=\"http:\/\/thetravellers.world\/wp-content\/uploads\/2022\/02\/theTravellers-Kontakt-scaled.jpg 2560w, http:\/\/thetravellers.world\/wp-content\/uploads\/2022\/02\/theTravellers-Kontakt-300x96.jpg 300w, http:\/\/thetravellers.world\/wp-content\/uploads\/2022\/02\/theTravellers-Kontakt-1024x328.jpg 1024w, http:\/\/thetravellers.world\/wp-content\/uploads\/2022\/02\/theTravellers-Kontakt-768x246.jpg 768w, http:\/\/thetravellers.world\/wp-content\/uploads\/2022\/02\/theTravellers-Kontakt-1536x493.jpg 1536w, http:\/\/thetravellers.world\/wp-content\/uploads\/2022\/02\/theTravellers-Kontakt-2048x657.jpg 2048w, http:\/\/thetravellers.world\/wp-content\/uploads\/2022\/02\/theTravellers-Kontakt-18x6.jpg 18w\" sizes=\"(max-width: 2560px) 100vw, 2560px\" \/>\t\t\t\t\t\t\t\t\t\t\t\t\t\t\t<\/div>\n\t\t\t\t<\/div>\n\t\t\t\t\t<\/div>\n\t\t<\/div>\n\t\t\t\t\t<\/div>\n\t\t<\/section>\n\t\t<div class=\"elementor-element elementor-element-7e52d6e e-flex e-con-boxed e-con e-parent\" data-id=\"7e52d6e\" data-element_type=\"container\" data-e-type=\"container\">\n\t\t\t\t\t<div class=\"e-con-inner\">\n\t\t\t\t<div class=\"elementor-element elementor-element-90318aa elementor-widget elementor-widget-spacer\" data-id=\"90318aa\" data-element_type=\"widget\" data-e-type=\"widget\" data-widget_type=\"spacer.default\">\n\t\t\t\t<div class=\"elementor-widget-container\">\n\t\t\t\t\t\t\t<div class=\"elementor-spacer\">\n\t\t\t<div class=\"elementor-spacer-inner\"><\/div>\n\t\t<\/div>\n\t\t\t\t\t\t<\/div>\n\t\t\t\t<\/div>\n\t\t\t\t\t<\/div>\n\t\t\t\t<\/div>\n\t\t<div class=\"elementor-element elementor-element-8c913f1 e-flex e-con-boxed e-con e-parent\" data-id=\"8c913f1\" data-element_type=\"container\" data-e-type=\"container\">\n\t\t\t\t\t<div class=\"e-con-inner\">\n\t\t\t\t<div class=\"elementor-element elementor-element-83631f5 elementor-widget elementor-widget-image\" data-id=\"83631f5\" data-element_type=\"widget\" data-e-type=\"widget\" data-widget_type=\"image.default\">\n\t\t\t\t<div class=\"elementor-widget-container\">\n\t\t\t\t\t\t\t\t\t\t\t\t\t\t\t<img decoding=\"async\" width=\"750\" height=\"422\" src=\"http:\/\/thetravellers.world\/wp-content\/uploads\/2024\/01\/Website-Startbild-Test-1024x576.jpg\" class=\"attachment-large size-large wp-image-6453\" alt=\"\" srcset=\"http:\/\/thetravellers.world\/wp-content\/uploads\/2024\/01\/Website-Startbild-Test-1024x576.jpg 1024w, http:\/\/thetravellers.world\/wp-content\/uploads\/2024\/01\/Website-Startbild-Test-300x169.jpg 300w, http:\/\/thetravellers.world\/wp-content\/uploads\/2024\/01\/Website-Startbild-Test-768x432.jpg 768w, http:\/\/thetravellers.world\/wp-content\/uploads\/2024\/01\/Website-Startbild-Test-18x10.jpg 18w, http:\/\/thetravellers.world\/wp-content\/uploads\/2024\/01\/Website-Startbild-Test.jpg 1366w\" sizes=\"(max-width: 750px) 100vw, 750px\" \/>\t\t\t\t\t\t\t\t\t\t\t\t\t\t\t<\/div>\n\t\t\t\t<\/div>\n\t\t\t\t\t<\/div>\n\t\t\t\t<\/div>\n\t\t<div class=\"elementor-element elementor-element-ed43f2a e-flex e-con-boxed e-con e-parent\" data-id=\"ed43f2a\" data-element_type=\"container\" data-e-type=\"container\">\n\t\t\t\t\t<div class=\"e-con-inner\">\n\t\t\t\t<div class=\"elementor-element elementor-element-01f3c2d elementor-widget elementor-widget-spacer\" data-id=\"01f3c2d\" data-element_type=\"widget\" data-e-type=\"widget\" data-widget_type=\"spacer.default\">\n\t\t\t\t<div class=\"elementor-widget-container\">\n\t\t\t\t\t\t\t<div class=\"elementor-spacer\">\n\t\t\t<div class=\"elementor-spacer-inner\"><\/div>\n\t\t<\/div>\n\t\t\t\t\t\t<\/div>\n\t\t\t\t<\/div>\n\t\t\t\t\t<\/div>\n\t\t\t\t<\/div>\n\t\t\t\t<section class=\"elementor-section elementor-top-section elementor-element elementor-element-8841efe elementor-section-boxed elementor-section-height-default elementor-section-height-default\" data-id=\"8841efe\" data-element_type=\"section\" data-e-type=\"section\">\n\t\t\t\t\t\t<div class=\"elementor-container elementor-column-gap-default\">\n\t\t\t\t\t<div class=\"elementor-column elementor-col-100 elementor-top-column elementor-element elementor-element-32933a4\" data-id=\"32933a4\" data-element_type=\"column\" data-e-type=\"column\">\n\t\t\t<div class=\"elementor-widget-wrap elementor-element-populated\">\n\t\t\t\t\t\t<div class=\"elementor-element elementor-element-4fa155e elementor-widget-divider--view-line elementor-widget elementor-widget-divider\" data-id=\"4fa155e\" data-element_type=\"widget\" data-e-type=\"widget\" data-widget_type=\"divider.default\">\n\t\t\t\t<div class=\"elementor-widget-container\">\n\t\t\t\t\t\t\t<div class=\"elementor-divider\">\n\t\t\t<span class=\"elementor-divider-separator\">\n\t\t\t\t\t\t<\/span>\n\t\t<\/div>\n\t\t\t\t\t\t<\/div>\n\t\t\t\t<\/div>\n\t\t\t\t<div class=\"elementor-element elementor-element-25454cb elementor-invisible elementor-widget elementor-widget-heading\" data-id=\"25454cb\" data-element_type=\"widget\" data-e-type=\"widget\" data-settings=\"{&quot;_animation&quot;:&quot;fadeInUp&quot;}\" data-widget_type=\"heading.default\">\n\t\t\t\t<div class=\"elementor-widget-container\">\n\t\t\t\t\t<h2 class=\"elementor-heading-title elementor-size-default\">Entdecke neue Reiseziele<\/h2>\t\t\t\t<\/div>\n\t\t\t\t<\/div>\n\t\t\t\t<div class=\"elementor-element elementor-element-c38ccd5 elementor-widget elementor-widget-wp-widget-categories\" data-id=\"c38ccd5\" data-element_type=\"widget\" data-e-type=\"widget\" data-widget_type=\"wp-widget-categories.default\">\n\t\t\t\t<div class=\"elementor-widget-container\">\n\t\t\t\t\t<h5>Categories<\/h5>\n\t\t\t<ul>\n\t\t\t\t\t<li class=\"cat-item cat-item-39\"><a href=\"http:\/\/thetravellers.world\/en\/category\/afrika\/\">Africa<\/a>\n<ul class='children'>\n\t<li class=\"cat-item cat-item-108\"><a href=\"http:\/\/thetravellers.world\/en\/category\/afrika\/marokko\/\">Morocco<\/a>\n<\/li>\n\t<li class=\"cat-item cat-item-117\"><a href=\"http:\/\/thetravellers.world\/en\/category\/afrika\/mauritius\/\">Mauritius<\/a>\n<\/li>\n\t<li class=\"cat-item cat-item-836\"><a href=\"http:\/\/thetravellers.world\/en\/category\/afrika\/namibia\/\">Namibia<\/a>\n<\/li>\n<\/ul>\n<\/li>\n\t<li class=\"cat-item cat-item-37\"><a href=\"http:\/\/thetravellers.world\/en\/category\/amerika\/\">America<\/a>\n<ul class='children'>\n\t<li class=\"cat-item cat-item-807\"><a href=\"http:\/\/thetravellers.world\/en\/category\/amerika\/costa-rica\/\">Costa Rica<\/a>\n<\/li>\n\t<li class=\"cat-item cat-item-714\"><a href=\"http:\/\/thetravellers.world\/en\/category\/amerika\/mexiko\/\">Mexico<\/a>\n<\/li>\n\t<li class=\"cat-item cat-item-137\"><a href=\"http:\/\/thetravellers.world\/en\/category\/amerika\/usa\/\">USA<\/a>\n<\/li>\n<\/ul>\n<\/li>\n\t<li class=\"cat-item cat-item-38\"><a href=\"http:\/\/thetravellers.world\/en\/category\/asien\/\">Asia<\/a>\n<ul class='children'>\n\t<li class=\"cat-item cat-item-801\"><a href=\"http:\/\/thetravellers.world\/en\/category\/asien\/indonesien\/\">Indonesia<\/a>\n<\/li>\n\t<li class=\"cat-item cat-item-808\"><a href=\"http:\/\/thetravellers.world\/en\/category\/asien\/israel\/\">Israel<\/a>\n<\/li>\n\t<li class=\"cat-item cat-item-817\"><a href=\"http:\/\/thetravellers.world\/en\/category\/asien\/japan\/\">Japan<\/a>\n<\/li>\n\t<li class=\"cat-item cat-item-815\"><a href=\"http:\/\/thetravellers.world\/en\/category\/asien\/kambodscha-asien\/\">Cambodia<\/a>\n<\/li>\n\t<li class=\"cat-item cat-item-870\"><a href=\"http:\/\/thetravellers.world\/en\/category\/asien\/oman\/\">Oman<\/a>\n<\/li>\n\t<li class=\"cat-item cat-item-799\"><a href=\"http:\/\/thetravellers.world\/en\/category\/asien\/singapur\/\">Singapur<\/a>\n<\/li>\n\t<li class=\"cat-item cat-item-783\"><a href=\"http:\/\/thetravellers.world\/en\/category\/asien\/sri-lanka-asien\/\">Sri Lanka<\/a>\n<\/li>\n\t<li class=\"cat-item cat-item-861\"><a href=\"http:\/\/thetravellers.world\/en\/category\/asien\/taiwan\/\">Taiwan<\/a>\n<\/li>\n\t<li class=\"cat-item cat-item-752\"><a href=\"http:\/\/thetravellers.world\/en\/category\/asien\/thailand\/\">Thailand<\/a>\n<\/li>\n\t<li class=\"cat-item cat-item-932\"><a href=\"http:\/\/thetravellers.world\/en\/category\/asien\/usbekistan\/\">Uzbekistan<\/a>\n<\/li>\n\t<li class=\"cat-item cat-item-86\"><a href=\"http:\/\/thetravellers.world\/en\/category\/asien\/vae\/\">VAE<\/a>\n<\/li>\n\t<li class=\"cat-item cat-item-824\"><a href=\"http:\/\/thetravellers.world\/en\/category\/asien\/vietnam\/\">Vietnam<\/a>\n<\/li>\n<\/ul>\n<\/li>\n\t<li class=\"cat-item cat-item-36\"><a href=\"http:\/\/thetravellers.world\/en\/category\/europa\/\">Europe<\/a>\n<ul class='children'>\n\t<li class=\"cat-item cat-item-697\"><a href=\"http:\/\/thetravellers.world\/en\/category\/europa\/belgien\/\">Belgium<\/a>\n<\/li>\n\t<li class=\"cat-item cat-item-550\"><a href=\"http:\/\/thetravellers.world\/en\/category\/europa\/daenemark\/\">Denmark<\/a>\n<\/li>\n\t<li class=\"cat-item cat-item-40\"><a href=\"http:\/\/thetravellers.world\/en\/category\/europa\/deutschland\/\">Germany<\/a>\n<\/li>\n\t<li class=\"cat-item cat-item-692\"><a href=\"http:\/\/thetravellers.world\/en\/category\/europa\/finnland\/\">Finland<\/a>\n<\/li>\n\t<li class=\"cat-item cat-item-706\"><a href=\"http:\/\/thetravellers.world\/en\/category\/europa\/frankreich\/\">France<\/a>\n<\/li>\n\t<li class=\"cat-item cat-item-831\"><a href=\"http:\/\/thetravellers.world\/en\/category\/europa\/georgien\/\">Georgia<\/a>\n<\/li>\n\t<li class=\"cat-item cat-item-778\"><a href=\"http:\/\/thetravellers.world\/en\/category\/europa\/griechenland\/\">Greece<\/a>\n<\/li>\n\t<li class=\"cat-item cat-item-503\"><a href=\"http:\/\/thetravellers.world\/en\/category\/europa\/grossbritannien\/\">Great Britain<\/a>\n<\/li>\n\t<li class=\"cat-item cat-item-107\"><a href=\"http:\/\/thetravellers.world\/en\/category\/europa\/island\/\">Iceland<\/a>\n<\/li>\n\t<li class=\"cat-item cat-item-49\"><a href=\"http:\/\/thetravellers.world\/en\/category\/europa\/italien\/\">Italy<\/a>\n<\/li>\n\t<li class=\"cat-item cat-item-475\"><a href=\"http:\/\/thetravellers.world\/en\/category\/europa\/kroatien\/\">Croatia<\/a>\n<\/li>\n\t<li class=\"cat-item cat-item-907\"><a href=\"http:\/\/thetravellers.world\/en\/category\/europa\/lettland\/\">Lettland<\/a>\n<\/li>\n\t<li class=\"cat-item cat-item-747\"><a href=\"http:\/\/thetravellers.world\/en\/category\/europa\/luxemburg\/\">Luxembourg<\/a>\n<\/li>\n\t<li class=\"cat-item cat-item-759\"><a href=\"http:\/\/thetravellers.world\/en\/category\/europa\/malta\/\">Malta<\/a>\n<\/li>\n\t<li class=\"cat-item cat-item-643\"><a href=\"http:\/\/thetravellers.world\/en\/category\/europa\/niederlande\/\">Netherlands<\/a>\n<\/li>\n\t<li class=\"cat-item cat-item-914\"><a href=\"http:\/\/thetravellers.world\/en\/category\/europa\/norwegen\/\">Norwegen<\/a>\n<\/li>\n\t<li class=\"cat-item cat-item-441\"><a href=\"http:\/\/thetravellers.world\/en\/category\/europa\/oesterreich\/\">Austria<\/a>\n<\/li>\n\t<li class=\"cat-item cat-item-739\"><a href=\"http:\/\/thetravellers.world\/en\/category\/europa\/polen\/\">Poland<\/a>\n<\/li>\n\t<li class=\"cat-item cat-item-212\"><a href=\"http:\/\/thetravellers.world\/en\/category\/europa\/portugal\/\">Portugal<\/a>\n<\/li>\n\t<li class=\"cat-item cat-item-791\"><a href=\"http:\/\/thetravellers.world\/en\/category\/europa\/schweden\/\">Sweden<\/a>\n<\/li>\n\t<li class=\"cat-item cat-item-742\"><a href=\"http:\/\/thetravellers.world\/en\/category\/europa\/slowakei\/\">Slovakia<\/a>\n<\/li>\n\t<li class=\"cat-item cat-item-457\"><a href=\"http:\/\/thetravellers.world\/en\/category\/europa\/slowenien\/\">Slovenia<\/a>\n<\/li>\n\t<li class=\"cat-item cat-item-64\"><a href=\"http:\/\/thetravellers.world\/en\/category\/europa\/spanien\/\">Spain<\/a>\n<\/li>\n\t<li class=\"cat-item cat-item-128\"><a href=\"http:\/\/thetravellers.world\/en\/category\/europa\/tschechien\/\">Czech Republic<\/a>\n<\/li>\n\t<li class=\"cat-item cat-item-51\"><a href=\"http:\/\/thetravellers.world\/en\/category\/europa\/tuerkei\/\">Turkey<\/a>\n<\/li>\n\t<li class=\"cat-item cat-item-735\"><a href=\"http:\/\/thetravellers.world\/en\/category\/europa\/ungarn\/\">Hungary<\/a>\n<\/li>\n<\/ul>\n<\/li>\n\t<li class=\"cat-item cat-item-1\"><a href=\"http:\/\/thetravellers.world\/en\/category\/reisen\/\">Travel<\/a>\n<\/li>\n\t<li class=\"cat-item cat-item-837\"><a href=\"http:\/\/thetravellers.world\/en\/category\/reisetipps\/\">travel tips<\/a>\n<\/li>\n\t\t\t<\/ul>\n\n\t\t\t\t\t\t\t<\/div>\n\t\t\t\t<\/div>\n\t\t\t\t\t<\/div>\n\t\t<\/div>\n\t\t\t\t\t<\/div>\n\t\t<\/section>\n\t\t<div class=\"elementor-element elementor-element-16e13d6 e-flex e-con-boxed e-con e-parent\" data-id=\"16e13d6\" data-element_type=\"container\" data-e-type=\"container\">\n\t\t\t\t\t<div class=\"e-con-inner\">\n\t\t\t\t<div class=\"elementor-element elementor-element-5a9cad4 elementor-widget elementor-widget-wp-widget-recent-posts\" data-id=\"5a9cad4\" data-element_type=\"widget\" data-e-type=\"widget\" data-widget_type=\"wp-widget-recent-posts.default\">\n\t\t\t\t<div class=\"elementor-widget-container\">\n\t\t\t\t\t\n\t\t\n\t\t<h5>Recent Posts<\/h5>\n\t\t<ul>\n\t\t\t\t\t\t\t\t\t\t\t<li>\n\t\t\t\t\t<a href=\"http:\/\/thetravellers.world\/en\/hanoi-in-5-minuten-tipps-fuer-die-hauptstadt-von-vietnam\/\">Hanoi in 5 minutes \u2013 Tips for Vietnam's capital city<\/a>\n\t\t\t\t\t\t\t\t\t<\/li>\n\t\t\t\t\t\t\t\t\t\t\t<li>\n\t\t\t\t\t<a href=\"http:\/\/thetravellers.world\/en\/usbekistan-in-5-minuten-kultur-auf-der-seidenstrasse\/\">Uzbekistan in 5 Minutes \u2013 Culture Along the Silk Road<\/a>\n\t\t\t\t\t\t\t\t\t<\/li>\n\t\t\t\t\t\t\t\t\t\t\t<li>\n\t\t\t\t\t<a href=\"http:\/\/thetravellers.world\/en\/oslo-in-5-minuten-plane-deine-staedtereise-an-einem-wochenende\/\">Oslo in 5 Minutes \u2013 Discover the Highlights of Norway\u2019s Capital<\/a>\n\t\t\t\t\t\t\t\t\t<\/li>\n\t\t\t\t\t\t\t\t\t\t\t<li>\n\t\t\t\t\t<a href=\"http:\/\/thetravellers.world\/en\/riga-in-5-minuten-staedtereise-in-der-kulturhauptstadt\/\">Riga in 5 Minutes \u2013 City Trip to the European Capital of Culture\u00a0<\/a>\n\t\t\t\t\t\t\t\t\t<\/li>\n\t\t\t\t\t\t\t\t\t\t\t<li>\n\t\t\t\t\t<a href=\"http:\/\/thetravellers.world\/en\/madeira-in-5-minuten\/\">Madeira in 5 minutes \u2013 Vacation on the flower island in the Atlantic<\/a>\n\t\t\t\t\t\t\t\t\t<\/li>\n\t\t\t\t\t<\/ul>\n\n\t\t\t\t\t\t<\/div>\n\t\t\t\t<\/div>\n\t\t\t\t\t<\/div>\n\t\t\t\t<\/div>\n\t\t<div class=\"elementor-element elementor-element-d1bfbc7 e-flex e-con-boxed e-con e-parent\" data-id=\"d1bfbc7\" data-element_type=\"container\" data-e-type=\"container\">\n\t\t\t\t\t<div class=\"e-con-inner\">\n\t\t\t\t<div class=\"elementor-element elementor-element-777088a elementor-widget elementor-widget-spacer\" data-id=\"777088a\" data-element_type=\"widget\" data-e-type=\"widget\" data-widget_type=\"spacer.default\">\n\t\t\t\t<div class=\"elementor-widget-container\">\n\t\t\t\t\t\t\t<div class=\"elementor-spacer\">\n\t\t\t<div class=\"elementor-spacer-inner\"><\/div>\n\t\t<\/div>\n\t\t\t\t\t\t<\/div>\n\t\t\t\t<\/div>\n\t\t\t\t\t<\/div>\n\t\t\t\t<\/div>\n\t\t\t\t<\/div>","protected":false},"excerpt":{"rendered":"<p>Wir freuen uns auf deine Nachricht! Du hast Fragen, Feedback oder m\u00f6chtest mit uns zusammenarbeiten? Dann schreib uns! Wir freuen uns auf deine E-Mail und melden uns so schnell wie m\u00f6glich zur\u00fcck! \ud83c\udf0d\u2708\ufe0f Thomas, Cengiz und Team von theTravellers Entdecke neue Reiseziele<\/p>","protected":false},"author":1,"featured_media":0,"parent":0,"menu_order":0,"comment_status":"closed","ping_status":"closed","template":"","meta":{"om_disable_all_campaigns":false,"_monsterinsights_skip_tracking":false,"_monsterinsights_sitenote_active":false,"_monsterinsights_sitenote_note":"","_monsterinsights_sitenote_category":0,"_uf_show_specific_survey":0,"_uf_disable_surveys":false,"footnotes":""},"class_list":["post-8","page","type-page","status-publish","hentry"],"aioseo_notices":[],"_links":{"self":[{"href":"http:\/\/thetravellers.world\/en\/wp-json\/wp\/v2\/pages\/8","targetHints":{"allow":["GET"]}}],"collection":[{"href":"http:\/\/thetravellers.world\/en\/wp-json\/wp\/v2\/pages"}],"about":[{"href":"http:\/\/thetravellers.world\/en\/wp-json\/wp\/v2\/types\/page"}],"author":[{"embeddable":true,"href":"http:\/\/thetravellers.world\/en\/wp-json\/wp\/v2\/users\/1"}],"replies":[{"embeddable":true,"href":"http:\/\/thetravellers.world\/en\/wp-json\/wp\/v2\/comments?post=8"}],"version-history":[{"count":42,"href":"http:\/\/thetravellers.world\/en\/wp-json\/wp\/v2\/pages\/8\/revisions"}],"predecessor-version":[{"id":6752,"href":"http:\/\/thetravellers.world\/en\/wp-json\/wp\/v2\/pages\/8\/revisions\/6752"}],"wp:attachment":[{"href":"http:\/\/thetravellers.world\/en\/wp-json\/wp\/v2\/media?parent=8"}],"curies":[{"name":"wp","href":"https:\/\/api.w.org\/{rel}","templated":true}]}}